{"id":1732,"date":"2024-02-14T07:07:33","date_gmt":"2024-02-14T07:07:33","guid":{"rendered":"https:\/\/healthy-starts-here.ca\/qui-sommes-nous\/"},"modified":"2024-04-15T16:18:03","modified_gmt":"2024-04-15T16:18:03","slug":"qui-sommes-nous","status":"publish","type":"page","link":"https:\/\/healthy-starts-here.ca\/fr\/qui-sommes-nous\/","title":{"rendered":"Qui sommes-nous"},"content":{"rendered":"\t\t<div data-elementor-type=\"wp-page\" data-elementor-id=\"1732\" class=\"elementor elementor-1732 elementor-992\" data-elementor-post-type=\"page\">\n\t\t\t\t\t\t<section class=\"elementor-section elementor-top-section elementor-element elementor-element-a6099c8 elementor-section-boxed elementor-section-height-default elementor-section-height-default\" data-id=\"a6099c8\" data-element_type=\"section\" data-e-type=\"section\" data-settings=\"{&quot;background_background&quot;:&quot;classic&quot;}\">\n\t\t\t\t\t\t<div class=\"elementor-container elementor-column-gap-default\">\n\t\t\t\t\t<div class=\"elementor-column elementor-col-100 elementor-top-column elementor-element elementor-element-c745884\" data-id=\"c745884\" data-element_type=\"column\" data-e-type=\"column\">\n\t\t\t<div class=\"elementor-widget-wrap elementor-element-populated\">\n\t\t\t\t\t\t<div class=\"elementor-element elementor-element-c3cc8c4 elementor-widget elementor-widget-heading\" data-id=\"c3cc8c4\" data-element_type=\"widget\" data-e-type=\"widget\" data-widget_type=\"heading.default\">\n\t\t\t\t<div class=\"elementor-widget-container\">\n\t\t\t\t\t<h1 class=\"elementor-heading-title elementor-size-default\">Qui sommes-nous<\/h1>\t\t\t\t<\/div>\n\t\t\t\t<\/div>\n\t\t\t\t\t<\/div>\n\t\t<\/div>\n\t\t\t\t\t<\/div>\n\t\t<\/section>\n\t\t\t\t<section class=\"elementor-section elementor-top-section elementor-element elementor-element-eaecc97 elementor-section-boxed elementor-section-height-default elementor-section-height-default\" data-id=\"eaecc97\" data-element_type=\"section\" data-e-type=\"section\">\n\t\t\t\t\t\t<div class=\"elementor-container elementor-column-gap-default\">\n\t\t\t\t\t<div class=\"elementor-column elementor-col-100 elementor-top-column elementor-element elementor-element-eb215a7\" data-id=\"eb215a7\" data-element_type=\"column\" data-e-type=\"column\">\n\t\t\t<div class=\"elementor-widget-wrap elementor-element-populated\">\n\t\t\t\t\t\t<div class=\"elementor-element elementor-element-d54467c elementor-widget elementor-widget-text-editor\" data-id=\"d54467c\" data-element_type=\"widget\" data-e-type=\"widget\" data-widget_type=\"text-editor.default\">\n\t\t\t\t<div class=\"elementor-widget-container\">\n\t\t\t\t\t\t\t\t\t<p>Cancer colorectal Canada (\u00ab <a href=\"https:\/\/www.colorectalcancercanada.com\/\" target=\"_blank\" rel=\"noopener\">CCC<\/a> \u00bb) est le principal organisme sans but lucratif de patients atteints de cancer colorectal au pays, vou\u00e9 \u00e0 la sensibilisation et \u00e0 l\u2019\u00e9ducation sur le cancer colorectal, au soutien des patients et de leurs familles et \u00e0 la d\u00e9fense de leurs int\u00e9r\u00eats.<\/p>\n<p>En 2017, *Cancer colorectal Canada a d\u00e9cid\u00e9 d\u2019accroitre son programme de pr\u00e9vention du cancer colorectal en cr\u00e9ant le Programme concernant les aliments qui combattent le cancer (FTFC), un partenariat entre le CCC et le Dr Richard B\u00e9liveau, biochimiste et chercheur de renom. L\u2019expertise et la passion pour la pr\u00e9vention du cancer de ce dernier constituent le fondement de ce projet ambitieux : permettre aux gens d\u2019adopter de saines habitudes alimentaires aujourd\u2019hui afin de r\u00e9duire l\u2019incidence du cancer \u00e0 l\u2019avenir.<\/p>\n<p>\u00ab Healthy Stars Here \u00bb vise \u00e0 fournir aux individus les informations n\u00e9cessaires leur permettant d\u2019adopter des choix de vie sains qui aident \u00e0 r\u00e9duire l\u2019incidence et \/ ou la r\u00e9cidive du cancer \u00e0 l\u2019avenir.<br><br><\/p>\n<p><strong>Promotion de la sant\u00e9, autonomisation, atteinte de l\u2019\u00e9quilibre, accessibilit\u00e9 et inclusion<\/strong><\/p>\t\t\t\t\t\t\t\t<\/div>\n\t\t\t\t<\/div>\n\t\t\t\t<div class=\"elementor-element elementor-element-095b9eb elementor-widget elementor-widget-spacer\" data-id=\"095b9eb\" data-element_type=\"widget\" data-e-type=\"widget\" data-widget_type=\"spacer.default\">\n\t\t\t\t<div class=\"elementor-widget-container\">\n\t\t\t\t\t\t\t<div class=\"elementor-spacer\">\n\t\t\t<div class=\"elementor-spacer-inner\"><\/div>\n\t\t<\/div>\n\t\t\t\t\t\t<\/div>\n\t\t\t\t<\/div>\n\t\t\t\t\t<\/div>\n\t\t<\/div>\n\t\t\t\t\t<\/div>\n\t\t<\/section>\n\t\t\t\t<\/div>\n\t\t","protected":false},"excerpt":{"rendered":"<p>Qui sommes-nous Cancer colorectal Canada (\u00ab CCC \u00bb) est le principal organisme sans but lucratif de patients atteints de cancer colorectal au pays, vou\u00e9 \u00e0 la sensibilisation et \u00e0 l\u2019\u00e9ducation sur le cancer colorectal, au soutien des patients et de leurs familles et \u00e0 la d\u00e9fense de leurs int\u00e9r\u00eats. En 2017, *Cancer colorectal Canada a [&hellip;]<\/p>\n","protected":false},"author":1,"featured_media":0,"parent":0,"menu_order":0,"comment_status":"closed","ping_status":"closed","template":"","meta":{"footnotes":""},"class_list":["post-1732","page","type-page","status-publish","hentry"],"yoast_head":"<!-- This site is optimized with the Yoast SEO plugin v27.5 - https:\/\/yoast.com\/product\/yoast-seo-wordpress\/ -->\n<title>Qui sommes-nous - healthy-starts-here.ca<\/title>\n<meta name=\"robots\" content=\"index, follow, max-snippet:-1, max-image-preview:large, max-video-preview:-1\" \/>\n<link rel=\"canonical\" href=\"https:\/\/healthy-starts-here.ca\/fr\/qui-sommes-nous\/\" \/>\n<meta property=\"og:locale\" content=\"fr_CA\" \/>\n<meta property=\"og:type\" content=\"article\" \/>\n<meta property=\"og:title\" content=\"Qui sommes-nous - healthy-starts-here.ca\" \/>\n<meta property=\"og:description\" content=\"Qui sommes-nous Cancer colorectal Canada (\u00ab CCC \u00bb) est le principal organisme sans but lucratif de patients atteints de cancer colorectal au pays, vou\u00e9 \u00e0 la sensibilisation et \u00e0 l\u2019\u00e9ducation sur le cancer colorectal, au soutien des patients et de leurs familles et \u00e0 la d\u00e9fense de leurs int\u00e9r\u00eats. En 2017, *Cancer colorectal Canada a [&hellip;]\" \/>\n<meta property=\"og:url\" content=\"https:\/\/healthy-starts-here.ca\/fr\/qui-sommes-nous\/\" \/>\n<meta property=\"og:site_name\" content=\"healthy-starts-here.ca\" \/>\n<meta property=\"article:modified_time\" content=\"2024-04-15T16:18:03+00:00\" \/>\n<meta name=\"twitter:card\" content=\"summary_large_image\" \/>\n<meta name=\"twitter:label1\" content=\"Estimation du temps de lecture\" \/>\n\t<meta name=\"twitter:data1\" content=\"1 minute\" \/>\n<script type=\"application\/ld+json\" class=\"yoast-schema-graph\">{\"@context\":\"https:\\\/\\\/schema.org\",\"@graph\":[{\"@type\":\"WebPage\",\"@id\":\"https:\\\/\\\/healthy-starts-here.ca\\\/fr\\\/qui-sommes-nous\\\/\",\"url\":\"https:\\\/\\\/healthy-starts-here.ca\\\/fr\\\/qui-sommes-nous\\\/\",\"name\":\"Qui sommes-nous - healthy-starts-here.ca\",\"isPartOf\":{\"@id\":\"https:\\\/\\\/healthy-starts-here.ca\\\/fr\\\/#website\"},\"datePublished\":\"2024-02-14T07:07:33+00:00\",\"dateModified\":\"2024-04-15T16:18:03+00:00\",\"breadcrumb\":{\"@id\":\"https:\\\/\\\/healthy-starts-here.ca\\\/fr\\\/qui-sommes-nous\\\/#breadcrumb\"},\"inLanguage\":\"fr-CA\",\"potentialAction\":[{\"@type\":\"ReadAction\",\"target\":[\"https:\\\/\\\/healthy-starts-here.ca\\\/fr\\\/qui-sommes-nous\\\/\"]}]},{\"@type\":\"BreadcrumbList\",\"@id\":\"https:\\\/\\\/healthy-starts-here.ca\\\/fr\\\/qui-sommes-nous\\\/#breadcrumb\",\"itemListElement\":[{\"@type\":\"ListItem\",\"position\":1,\"name\":\"Home\",\"item\":\"https:\\\/\\\/healthy-starts-here.ca\\\/fr\\\/home\\\/\"},{\"@type\":\"ListItem\",\"position\":2,\"name\":\"Qui sommes-nous\"}]},{\"@type\":\"WebSite\",\"@id\":\"https:\\\/\\\/healthy-starts-here.ca\\\/fr\\\/#website\",\"url\":\"https:\\\/\\\/healthy-starts-here.ca\\\/fr\\\/\",\"name\":\"healthy-starts-here.ca\",\"description\":\"\",\"publisher\":{\"@id\":\"https:\\\/\\\/healthy-starts-here.ca\\\/fr\\\/#organization\"},\"potentialAction\":[{\"@type\":\"SearchAction\",\"target\":{\"@type\":\"EntryPoint\",\"urlTemplate\":\"https:\\\/\\\/healthy-starts-here.ca\\\/fr\\\/?s={search_term_string}\"},\"query-input\":{\"@type\":\"PropertyValueSpecification\",\"valueRequired\":true,\"valueName\":\"search_term_string\"}}],\"inLanguage\":\"fr-CA\"},{\"@type\":\"Organization\",\"@id\":\"https:\\\/\\\/healthy-starts-here.ca\\\/fr\\\/#organization\",\"name\":\"healthy-starts-here.ca\",\"url\":\"https:\\\/\\\/healthy-starts-here.ca\\\/fr\\\/\",\"logo\":{\"@type\":\"ImageObject\",\"inLanguage\":\"fr-CA\",\"@id\":\"https:\\\/\\\/healthy-starts-here.ca\\\/fr\\\/#\\\/schema\\\/logo\\\/image\\\/\",\"url\":\"https:\\\/\\\/healthy-starts-here.ca\\\/wp-content\\\/uploads\\\/2023\\\/05\\\/healthy_starts_here_logo-EN.png\",\"contentUrl\":\"https:\\\/\\\/healthy-starts-here.ca\\\/wp-content\\\/uploads\\\/2023\\\/05\\\/healthy_starts_here_logo-EN.png\",\"width\":1517,\"height\":663,\"caption\":\"healthy-starts-here.ca\"},\"image\":{\"@id\":\"https:\\\/\\\/healthy-starts-here.ca\\\/fr\\\/#\\\/schema\\\/logo\\\/image\\\/\"}}]}<\/script>\n<!-- \/ Yoast SEO plugin. -->","yoast_head_json":{"title":"Qui sommes-nous - healthy-starts-here.ca","robots":{"index":"index","follow":"follow","max-snippet":"max-snippet:-1","max-image-preview":"max-image-preview:large","max-video-preview":"max-video-preview:-1"},"canonical":"https:\/\/healthy-starts-here.ca\/fr\/qui-sommes-nous\/","og_locale":"fr_CA","og_type":"article","og_title":"Qui sommes-nous - healthy-starts-here.ca","og_description":"Qui sommes-nous Cancer colorectal Canada (\u00ab CCC \u00bb) est le principal organisme sans but lucratif de patients atteints de cancer colorectal au pays, vou\u00e9 \u00e0 la sensibilisation et \u00e0 l\u2019\u00e9ducation sur le cancer colorectal, au soutien des patients et de leurs familles et \u00e0 la d\u00e9fense de leurs int\u00e9r\u00eats. En 2017, *Cancer colorectal Canada a [&hellip;]","og_url":"https:\/\/healthy-starts-here.ca\/fr\/qui-sommes-nous\/","og_site_name":"healthy-starts-here.ca","article_modified_time":"2024-04-15T16:18:03+00:00","twitter_card":"summary_large_image","twitter_misc":{"Estimation du temps de lecture":"1 minute"},"schema":{"@context":"https:\/\/schema.org","@graph":[{"@type":"WebPage","@id":"https:\/\/healthy-starts-here.ca\/fr\/qui-sommes-nous\/","url":"https:\/\/healthy-starts-here.ca\/fr\/qui-sommes-nous\/","name":"Qui sommes-nous - healthy-starts-here.ca","isPartOf":{"@id":"https:\/\/healthy-starts-here.ca\/fr\/#website"},"datePublished":"2024-02-14T07:07:33+00:00","dateModified":"2024-04-15T16:18:03+00:00","breadcrumb":{"@id":"https:\/\/healthy-starts-here.ca\/fr\/qui-sommes-nous\/#breadcrumb"},"inLanguage":"fr-CA","potentialAction":[{"@type":"ReadAction","target":["https:\/\/healthy-starts-here.ca\/fr\/qui-sommes-nous\/"]}]},{"@type":"BreadcrumbList","@id":"https:\/\/healthy-starts-here.ca\/fr\/qui-sommes-nous\/#breadcrumb","itemListElement":[{"@type":"ListItem","position":1,"name":"Home","item":"https:\/\/healthy-starts-here.ca\/fr\/home\/"},{"@type":"ListItem","position":2,"name":"Qui sommes-nous"}]},{"@type":"WebSite","@id":"https:\/\/healthy-starts-here.ca\/fr\/#website","url":"https:\/\/healthy-starts-here.ca\/fr\/","name":"healthy-starts-here.ca","description":"","publisher":{"@id":"https:\/\/healthy-starts-here.ca\/fr\/#organization"},"potentialAction":[{"@type":"SearchAction","target":{"@type":"EntryPoint","urlTemplate":"https:\/\/healthy-starts-here.ca\/fr\/?s={search_term_string}"},"query-input":{"@type":"PropertyValueSpecification","valueRequired":true,"valueName":"search_term_string"}}],"inLanguage":"fr-CA"},{"@type":"Organization","@id":"https:\/\/healthy-starts-here.ca\/fr\/#organization","name":"healthy-starts-here.ca","url":"https:\/\/healthy-starts-here.ca\/fr\/","logo":{"@type":"ImageObject","inLanguage":"fr-CA","@id":"https:\/\/healthy-starts-here.ca\/fr\/#\/schema\/logo\/image\/","url":"https:\/\/healthy-starts-here.ca\/wp-content\/uploads\/2023\/05\/healthy_starts_here_logo-EN.png","contentUrl":"https:\/\/healthy-starts-here.ca\/wp-content\/uploads\/2023\/05\/healthy_starts_here_logo-EN.png","width":1517,"height":663,"caption":"healthy-starts-here.ca"},"image":{"@id":"https:\/\/healthy-starts-here.ca\/fr\/#\/schema\/logo\/image\/"}}]}},"_links":{"self":[{"href":"https:\/\/healthy-starts-here.ca\/fr\/wp-json\/wp\/v2\/pages\/1732","targetHints":{"allow":["GET"]}}],"collection":[{"href":"https:\/\/healthy-starts-here.ca\/fr\/wp-json\/wp\/v2\/pages"}],"about":[{"href":"https:\/\/healthy-starts-here.ca\/fr\/wp-json\/wp\/v2\/types\/page"}],"author":[{"embeddable":true,"href":"https:\/\/healthy-starts-here.ca\/fr\/wp-json\/wp\/v2\/users\/1"}],"replies":[{"embeddable":true,"href":"https:\/\/healthy-starts-here.ca\/fr\/wp-json\/wp\/v2\/comments?post=1732"}],"version-history":[{"count":3,"href":"https:\/\/healthy-starts-here.ca\/fr\/wp-json\/wp\/v2\/pages\/1732\/revisions"}],"predecessor-version":[{"id":1738,"href":"https:\/\/healthy-starts-here.ca\/fr\/wp-json\/wp\/v2\/pages\/1732\/revisions\/1738"}],"wp:attachment":[{"href":"https:\/\/healthy-starts-here.ca\/fr\/wp-json\/wp\/v2\/media?parent=1732"}],"curies":[{"name":"wp","href":"https:\/\/api.w.org\/{rel}","templated":true}]}}