{"id":1739,"date":"2023-05-30T04:50:24","date_gmt":"2023-05-30T04:50:24","guid":{"rendered":"https:\/\/healthy-starts-here.ca\/home\/"},"modified":"2024-04-15T16:35:39","modified_gmt":"2024-04-15T16:35:39","slug":"home","status":"publish","type":"page","link":"https:\/\/healthy-starts-here.ca\/fr\/","title":{"rendered":"Home"},"content":{"rendered":"\t\t<div data-elementor-type=\"wp-page\" data-elementor-id=\"1739\" class=\"elementor elementor-1739 elementor-173\" data-elementor-post-type=\"page\">\n\t\t\t\t<div class=\"elementor-element elementor-element-5ec5a70 e-flex e-con-boxed e-con e-parent\" data-id=\"5ec5a70\" data-element_type=\"container\" data-e-type=\"container\" data-settings=\"{&quot;background_background&quot;:&quot;classic&quot;}\">\n\t\t\t\t\t<div class=\"e-con-inner\">\n\t\t<div class=\"elementor-element elementor-element-d2daadf e-con-full e-flex e-con e-child\" data-id=\"d2daadf\" data-element_type=\"container\" data-e-type=\"container\">\n\t\t\t\t<div class=\"elementor-element elementor-element-6433e9d elementor-widget elementor-widget-heading\" data-id=\"6433e9d\" data-element_type=\"widget\" data-e-type=\"widget\" data-widget_type=\"heading.default\">\n\t\t\t\t<div class=\"elementor-widget-container\">\n\t\t\t\t\t<h1 class=\"elementor-heading-title elementor-size-default\">La sant\u00e9 commence ici<\/h1>\t\t\t\t<\/div>\n\t\t\t\t<\/div>\n\t\t\t\t<\/div>\n\t\t\t\t\t<\/div>\n\t\t\t\t<\/div>\n\t\t\t\t<section class=\"elementor-section elementor-top-section elementor-element elementor-element-a1b4385 elementor-section-boxed elementor-section-height-default elementor-section-height-default\" data-id=\"a1b4385\" data-element_type=\"section\" data-e-type=\"section\">\n\t\t\t\t\t\t<div class=\"elementor-container elementor-column-gap-default\">\n\t\t\t\t\t<div class=\"elementor-column elementor-col-100 elementor-top-column elementor-element elementor-element-52597ad\" data-id=\"52597ad\" data-element_type=\"column\" data-e-type=\"column\">\n\t\t\t<div class=\"elementor-widget-wrap elementor-element-populated\">\n\t\t\t\t\t\t<div class=\"elementor-element elementor-element-7d4d6f1 elementor-widget elementor-widget-heading\" data-id=\"7d4d6f1\" data-element_type=\"widget\" data-e-type=\"widget\" data-widget_type=\"heading.default\">\n\t\t\t\t<div class=\"elementor-widget-container\">\n\t\t\t\t\t<h2 class=\"elementor-heading-title elementor-size-default\">Le saviez-vous ? Selon les derni\u00e8res donn\u00e9es canadiennes. 1 PERSONNE SUR 2 d\u00e9veloppera cancer au cours de leur vie\n<\/h2>\t\t\t\t<\/div>\n\t\t\t\t<\/div>\n\t\t\t\t<div class=\"elementor-element elementor-element-93efa17 elementor-widget elementor-widget-text-editor\" data-id=\"93efa17\" data-element_type=\"widget\" data-e-type=\"widget\" data-widget_type=\"text-editor.default\">\n\t\t\t\t<div class=\"elementor-widget-container\">\n\t\t\t\t\t\t\t\t\t<p>La mission du nouveau programme \u00ab\u00a0La sant\u00e9 commence ici\u00a0\u00bb est de promouvoir la sant\u00e9 en encourageant les personnes touch\u00e9es ou non par le cancer colorectal \u00e0 adopter un mode de vie sain et holistique qui maintient l&rsquo;\u00e9quilibre entre la nutrition, l&rsquo;activit\u00e9 physique et le bien-\u00eatre mental. Le programme vise \u00e0 atteindre cet objectif en fournissant des ressources \u00e9ducatives et des informations sur ces trois domaines, afin de favoriser des choix de vie plus sains.  <\/p>\n\t\t\t\t\t\t\t\t<\/div>\n\t\t\t\t<\/div>\n\t\t\t\t<div class=\"elementor-element elementor-element-e7e62db elementor-widget elementor-widget-heading\" data-id=\"e7e62db\" data-element_type=\"widget\" data-e-type=\"widget\" data-widget_type=\"heading.default\">\n\t\t\t\t<div class=\"elementor-widget-container\">\n\t\t\t\t\t<h2 class=\"elementor-heading-title elementor-size-default\">Promotion de la sant\u00e9, autonomisation, \u00e9quilibre, accessibilit\u00e9 et inclusion <\/h2>\t\t\t\t<\/div>\n\t\t\t\t<\/div>\n\t\t\t\t\t<\/div>\n\t\t<\/div>\n\t\t\t\t\t<\/div>\n\t\t<\/section>\n\t\t\t\t<section class=\"elementor-section elementor-top-section elementor-element elementor-element-b5a15bb elementor-section-boxed elementor-section-height-default elementor-section-height-default\" data-id=\"b5a15bb\" data-element_type=\"section\" data-e-type=\"section\" data-settings=\"{&quot;background_background&quot;:&quot;classic&quot;}\">\n\t\t\t\t\t\t<div class=\"elementor-container elementor-column-gap-default\">\n\t\t\t\t\t<div class=\"elementor-column elementor-col-50 elementor-top-column elementor-element elementor-element-691312f\" data-id=\"691312f\" data-element_type=\"column\" data-e-type=\"column\">\n\t\t\t<div class=\"elementor-widget-wrap elementor-element-populated\">\n\t\t\t\t\t\t<div class=\"elementor-element elementor-element-8865569 elementor-widget elementor-widget-heading\" data-id=\"8865569\" data-element_type=\"widget\" data-e-type=\"widget\" data-widget_type=\"heading.default\">\n\t\t\t\t<div class=\"elementor-widget-container\">\n\t\t\t\t\t<h3 class=\"elementor-heading-title elementor-size-default\">Responsabiliser et \u00e9duquer les gens sur des choix de vie sains aujourd'hui afin de r\u00e9duire l'incidence et\/ou la r\u00e9currence du cancer \u00e0 l'avenir.<\/h3>\t\t\t\t<\/div>\n\t\t\t\t<\/div>\n\t\t\t\t\t<\/div>\n\t\t<\/div>\n\t\t\t\t<div class=\"elementor-column elementor-col-50 elementor-top-column elementor-element elementor-element-0e7ad3b\" data-id=\"0e7ad3b\" data-element_type=\"column\" data-e-type=\"column\">\n\t\t\t<div class=\"elementor-widget-wrap elementor-element-populated\">\n\t\t\t\t\t\t<div class=\"elementor-element elementor-element-856d168 elementor-widget elementor-widget-image\" data-id=\"856d168\" data-element_type=\"widget\" data-e-type=\"widget\" data-widget_type=\"image.default\">\n\t\t\t\t<div class=\"elementor-widget-container\">\n\t\t\t\t\t\t\t\t\t\t\t\t\t\t\t<img fetchpriority=\"high\" decoding=\"async\" width=\"768\" height=\"313\" src=\"https:\/\/healthy-starts-here.ca\/wp-content\/uploads\/2023\/05\/HSH-home-e1685463075555-768x313.jpg\" class=\"attachment-medium_large size-medium_large wp-image-390\" alt=\"\" \/>\t\t\t\t\t\t\t\t\t\t\t\t\t\t\t<\/div>\n\t\t\t\t<\/div>\n\t\t\t\t\t<\/div>\n\t\t<\/div>\n\t\t\t\t\t<\/div>\n\t\t<\/section>\n\t\t\t\t<section class=\"elementor-section elementor-top-section elementor-element elementor-element-14d8b79 elementor-section-boxed elementor-section-height-default elementor-section-height-default\" data-id=\"14d8b79\" data-element_type=\"section\" data-e-type=\"section\">\n\t\t\t\t\t\t<div class=\"elementor-container elementor-column-gap-default\">\n\t\t\t\t\t<div class=\"elementor-column elementor-col-100 elementor-top-column elementor-element elementor-element-279e0f5\" data-id=\"279e0f5\" data-element_type=\"column\" data-e-type=\"column\">\n\t\t\t<div class=\"elementor-widget-wrap elementor-element-populated\">\n\t\t\t\t\t\t<div class=\"elementor-element elementor-element-661fe5b elementor-widget elementor-widget-text-editor\" data-id=\"661fe5b\" data-element_type=\"widget\" data-e-type=\"widget\" data-widget_type=\"text-editor.default\">\n\t\t\t\t<div class=\"elementor-widget-container\">\n\t\t\t\t\t\t\t\t\t<h4>Le bien-\u00eatre est le fruit du mode de vie d&rsquo;une personne et se caract\u00e9rise par un \u00e9quilibre entre l&rsquo;esprit, le corps et l&rsquo;\u00e2me. &nbsp; &nbsp; &nbsp;&nbsp;<br \/>Tout comme une alimentation \u00e9quilibr\u00e9e est importante pour la sant\u00e9, l&rsquo;\u00e9quilibre du corps (bien-\u00eatre physique) et de l&rsquo;esprit (bien-\u00eatre social, \u00e9motionnel, spirituel et intellectuel) est \u00e9galement important &#8211; ils sont tous li\u00e9s ! &nbsp; &nbsp; &nbsp; &nbsp; &nbsp; &nbsp; &nbsp;&nbsp;<br \/>C&rsquo;est en \u00ab\u00a0reliant les points\u00a0\u00bb que nous pouvons parvenir \u00e0 une sant\u00e9 holistique ! &nbsp;<\/h4>\n\t\t\t\t\t\t\t\t<\/div>\n\t\t\t\t<\/div>\n\t\t\t\t\t<\/div>\n\t\t<\/div>\n\t\t\t\t\t<\/div>\n\t\t<\/section>\n\t\t<div class=\"elementor-element elementor-element-1b05605 e-flex e-con-boxed e-con e-parent\" data-id=\"1b05605\" data-element_type=\"container\" data-e-type=\"container\">\n\t\t\t\t\t<div class=\"e-con-inner\">\n\t\t\t\t<div class=\"elementor-element elementor-element-92419c7 elementor-cta--skin-cover elementor-cta--valign-middle elementor-widget__width-initial elementor-animated-content elementor-widget elementor-widget-call-to-action\" data-id=\"92419c7\" data-element_type=\"widget\" data-e-type=\"widget\" data-widget_type=\"call-to-action.default\">\n\t\t\t\t<div class=\"elementor-widget-container\">\n\t\t\t\t\t\t\t<a class=\"elementor-cta\" href=\"https:\/\/healthy-starts-here.ca\/mind\/\">\n\t\t\t\t\t<div class=\"elementor-cta__bg-wrapper\">\n\t\t\t\t<div class=\"elementor-cta__bg elementor-bg\" style=\"background-image: url(https:\/\/healthy-starts-here.ca\/wp-content\/uploads\/2023\/05\/3-1024x1024.png);\" role=\"img\" aria-label=\"3\"><\/div>\n\t\t\t\t<div class=\"elementor-cta__bg-overlay\"><\/div>\n\t\t\t<\/div>\n\t\t\t\t\t\t\t<div class=\"elementor-cta__content\">\n\t\t\t\t\n\t\t\t\t\t\t\t\t\t<h2 class=\"elementor-cta__title elementor-cta__content-item elementor-content-item elementor-animated-item--grow\">\n\t\t\t\t\t\tEsprit\t\t\t\t\t<\/h2>\n\t\t\t\t\n\t\t\t\t\n\t\t\t\t\t\t\t<\/div>\n\t\t\t\t\t\t<\/a>\n\t\t\t\t\t\t<\/div>\n\t\t\t\t<\/div>\n\t\t\t\t<div class=\"elementor-element elementor-element-24febdc elementor-cta--skin-cover elementor-cta--valign-middle elementor-widget__width-initial elementor-animated-content elementor-widget elementor-widget-call-to-action\" data-id=\"24febdc\" data-element_type=\"widget\" data-e-type=\"widget\" data-widget_type=\"call-to-action.default\">\n\t\t\t\t<div class=\"elementor-widget-container\">\n\t\t\t\t\t\t\t<a class=\"elementor-cta\" href=\"https:\/\/healthy-starts-here.ca\/movement\/\">\n\t\t\t\t\t<div class=\"elementor-cta__bg-wrapper\">\n\t\t\t\t<div class=\"elementor-cta__bg elementor-bg\" style=\"background-image: url(https:\/\/healthy-starts-here.ca\/wp-content\/uploads\/2023\/05\/2-1024x1024.png);\" role=\"img\" aria-label=\"2\"><\/div>\n\t\t\t\t<div class=\"elementor-cta__bg-overlay\"><\/div>\n\t\t\t<\/div>\n\t\t\t\t\t\t\t<div class=\"elementor-cta__content\">\n\t\t\t\t\n\t\t\t\t\t\t\t\t\t<h2 class=\"elementor-cta__title elementor-cta__content-item elementor-content-item elementor-animated-item--grow\">\n\t\t\t\t\t\tMouvement\t\t\t\t\t<\/h2>\n\t\t\t\t\n\t\t\t\t\n\t\t\t\t\t\t\t<\/div>\n\t\t\t\t\t\t<\/a>\n\t\t\t\t\t\t<\/div>\n\t\t\t\t<\/div>\n\t\t\t\t<div class=\"elementor-element elementor-element-cc5172a elementor-cta--skin-cover elementor-cta--valign-middle elementor-widget__width-initial elementor-animated-content elementor-widget elementor-widget-call-to-action\" data-id=\"cc5172a\" data-element_type=\"widget\" data-e-type=\"widget\" data-widget_type=\"call-to-action.default\">\n\t\t\t\t<div class=\"elementor-widget-container\">\n\t\t\t\t\t\t\t<a class=\"elementor-cta\" href=\"https:\/\/healthy-starts-here.ca\/nutrition\/\">\n\t\t\t\t\t<div class=\"elementor-cta__bg-wrapper\">\n\t\t\t\t<div class=\"elementor-cta__bg elementor-bg\" style=\"background-image: url(https:\/\/healthy-starts-here.ca\/wp-content\/uploads\/2023\/05\/4-1024x1024.png);\" role=\"img\" aria-label=\"4\"><\/div>\n\t\t\t\t<div class=\"elementor-cta__bg-overlay\"><\/div>\n\t\t\t<\/div>\n\t\t\t\t\t\t\t<div class=\"elementor-cta__content\">\n\t\t\t\t\n\t\t\t\t\t\t\t\t\t<h2 class=\"elementor-cta__title elementor-cta__content-item elementor-content-item elementor-animated-item--grow\">\n\t\t\t\t\t\tD\u00e9finitions Nutritionnelles\t\t\t\t\t<\/h2>\n\t\t\t\t\n\t\t\t\t\n\t\t\t\t\t\t\t<\/div>\n\t\t\t\t\t\t<\/a>\n\t\t\t\t\t\t<\/div>\n\t\t\t\t<\/div>\n\t\t\t\t\t<\/div>\n\t\t\t\t<\/div>\n\t\t\t\t<section class=\"elementor-section elementor-top-section elementor-element elementor-element-e429c36 elementor-section-boxed elementor-section-height-default elementor-section-height-default\" data-id=\"e429c36\" data-element_type=\"section\" data-e-type=\"section\">\n\t\t\t\t\t\t<div class=\"elementor-container elementor-column-gap-default\">\n\t\t\t\t\t<div class=\"elementor-column elementor-col-50 elementor-top-column elementor-element elementor-element-7585d3a\" data-id=\"7585d3a\" data-element_type=\"column\" data-e-type=\"column\">\n\t\t\t<div class=\"elementor-widget-wrap elementor-element-populated\">\n\t\t\t\t\t\t<div class=\"elementor-element elementor-element-4e7319b elementor-widget elementor-widget-heading\" data-id=\"4e7319b\" data-element_type=\"widget\" data-e-type=\"widget\" data-widget_type=\"heading.default\">\n\t\t\t\t<div class=\"elementor-widget-container\">\n\t\t\t\t\t<h3 class=\"elementor-heading-title elementor-size-default\">Am\u00e9liorez la sant\u00e9 de votre cerveau : Exploiter le pouvoir de la pleine conscience<\/h3>\t\t\t\t<\/div>\n\t\t\t\t<\/div>\n\t\t\t\t<div class=\"elementor-element elementor-element-d89179f elementor-widget elementor-widget-text-editor\" data-id=\"d89179f\" data-element_type=\"widget\" data-e-type=\"widget\" data-widget_type=\"text-editor.default\">\n\t\t\t\t<div class=\"elementor-widget-container\">\n\t\t\t\t\t\t\t\t\t<p>La pleine conscience est une technique efficace dont il a \u00e9t\u00e9 d\u00e9montr\u00e9 qu&rsquo;elle avait un impact positif sur la sant\u00e9 du cerveau. Ces articles explorent les derni\u00e8res recherches et pratiques visant \u00e0 am\u00e9liorer le bien-\u00eatre mental g\u00e9n\u00e9ral.<\/p><\/p>\n\t\t\t\t\t\t\t\t<\/div>\n\t\t\t\t<\/div>\n\t\t\t\t<div class=\"elementor-element elementor-element-596afbc elementor-mobile-align-center elementor-widget elementor-widget-button\" data-id=\"596afbc\" data-element_type=\"widget\" data-e-type=\"widget\" data-widget_type=\"button.default\">\n\t\t\t\t<div class=\"elementor-widget-container\">\n\t\t\t\t\t\t\t\t\t<div class=\"elementor-button-wrapper\">\n\t\t\t\t\t<a class=\"elementor-button elementor-button-link elementor-size-sm\" href=\"http:\/\/healthy-starts-here.ca\/posts-page-sample\/\">\n\t\t\t\t\t\t<span class=\"elementor-button-content-wrapper\">\n\t\t\t\t\t\t\t\t\t<span class=\"elementor-button-text\">Consultez notre section MIND<\/span>\n\t\t\t\t\t<\/span>\n\t\t\t\t\t<\/a>\n\t\t\t\t<\/div>\n\t\t\t\t\t\t\t\t<\/div>\n\t\t\t\t<\/div>\n\t\t\t\t\t<\/div>\n\t\t<\/div>\n\t\t\t\t<div class=\"elementor-column elementor-col-50 elementor-top-column elementor-element elementor-element-ccfe338\" data-id=\"ccfe338\" data-element_type=\"column\" data-e-type=\"column\">\n\t\t\t<div class=\"elementor-widget-wrap elementor-element-populated\">\n\t\t\t\t\t\t<div class=\"elementor-element elementor-element-39fa635 elementor-widget elementor-widget-image\" data-id=\"39fa635\" data-element_type=\"widget\" data-e-type=\"widget\" data-widget_type=\"image.default\">\n\t\t\t\t<div class=\"elementor-widget-container\">\n\t\t\t\t\t\t\t\t\t\t\t\t\t\t\t<img decoding=\"async\" src=\"https:\/\/healthy-starts-here.ca\/wp-content\/uploads\/elementor\/thumbs\/brain-health-q78akq89hroyg6bg3p6k947ukezdhe5gfeshp7wako.png\" title=\"brain health\" alt=\"Brain Health\" loading=\"lazy\" \/>\t\t\t\t\t\t\t\t\t\t\t\t\t\t\t<\/div>\n\t\t\t\t<\/div>\n\t\t\t\t\t<\/div>\n\t\t<\/div>\n\t\t\t\t\t<\/div>\n\t\t<\/section>\n\t\t\t\t<\/div>\n\t\t","protected":false},"excerpt":{"rendered":"<p>La sant\u00e9 commence ici Le saviez-vous ? Selon les derni\u00e8res donn\u00e9es canadiennes. 1 PERSONNE SUR 2 d\u00e9veloppera cancer au cours de leur vie La mission du nouveau programme \u00ab\u00a0La sant\u00e9 commence ici\u00a0\u00bb est de promouvoir la sant\u00e9 en encourageant les personnes touch\u00e9es ou non par le cancer colorectal \u00e0 adopter un mode de vie sain [&hellip;]<\/p>\n","protected":false},"author":1,"featured_media":1562,"parent":0,"menu_order":0,"comment_status":"closed","ping_status":"closed","template":"elementor_header_footer","meta":{"footnotes":""},"class_list":["post-1739","page","type-page","status-publish","has-post-thumbnail","hentry"],"yoast_head":"<!-- This site is optimized with the Yoast SEO plugin v27.4 - https:\/\/yoast.com\/product\/yoast-seo-wordpress\/ -->\n<title>Home - healthy-starts-here.ca<\/title>\n<meta name=\"robots\" content=\"index, follow, max-snippet:-1, max-image-preview:large, max-video-preview:-1\" \/>\n<link rel=\"canonical\" href=\"https:\/\/healthy-starts-here.ca\/fr\/\" \/>\n<meta property=\"og:locale\" content=\"fr_CA\" \/>\n<meta property=\"og:type\" content=\"article\" \/>\n<meta property=\"og:title\" content=\"Home - healthy-starts-here.ca\" \/>\n<meta property=\"og:description\" content=\"La sant\u00e9 commence ici Le saviez-vous ? Selon les derni\u00e8res donn\u00e9es canadiennes. 1 PERSONNE SUR 2 d\u00e9veloppera cancer au cours de leur vie La mission du nouveau programme \u00ab\u00a0La sant\u00e9 commence ici\u00a0\u00bb est de promouvoir la sant\u00e9 en encourageant les personnes touch\u00e9es ou non par le cancer colorectal \u00e0 adopter un mode de vie sain [&hellip;]\" \/>\n<meta property=\"og:url\" content=\"https:\/\/healthy-starts-here.ca\/fr\/\" \/>\n<meta property=\"og:site_name\" content=\"healthy-starts-here.ca\" \/>\n<meta property=\"article:modified_time\" content=\"2024-04-15T16:35:39+00:00\" \/>\n<meta property=\"og:image\" content=\"https:\/\/healthy-starts-here.ca\/wp-content\/uploads\/2023\/05\/Private-Tour-Guide-Home.jpg\" \/>\n\t<meta property=\"og:image:width\" content=\"400\" \/>\n\t<meta property=\"og:image:height\" content=\"380\" \/>\n\t<meta property=\"og:image:type\" content=\"image\/jpeg\" \/>\n<meta name=\"twitter:card\" content=\"summary_large_image\" \/>\n<meta name=\"twitter:label1\" content=\"Estimation du temps de lecture\" \/>\n\t<meta name=\"twitter:data1\" content=\"1 minute\" \/>\n<script type=\"application\/ld+json\" class=\"yoast-schema-graph\">{\"@context\":\"https:\\\/\\\/schema.org\",\"@graph\":[{\"@type\":\"WebPage\",\"@id\":\"https:\\\/\\\/healthy-starts-here.ca\\\/fr\\\/\",\"url\":\"https:\\\/\\\/healthy-starts-here.ca\\\/fr\\\/\",\"name\":\"Home - healthy-starts-here.ca\",\"isPartOf\":{\"@id\":\"https:\\\/\\\/healthy-starts-here.ca\\\/fr\\\/#website\"},\"primaryImageOfPage\":{\"@id\":\"https:\\\/\\\/healthy-starts-here.ca\\\/fr\\\/#primaryimage\"},\"image\":{\"@id\":\"https:\\\/\\\/healthy-starts-here.ca\\\/fr\\\/#primaryimage\"},\"thumbnailUrl\":\"https:\\\/\\\/healthy-starts-here.ca\\\/wp-content\\\/uploads\\\/2023\\\/05\\\/Private-Tour-Guide-Home.jpg\",\"datePublished\":\"2023-05-30T04:50:24+00:00\",\"dateModified\":\"2024-04-15T16:35:39+00:00\",\"breadcrumb\":{\"@id\":\"https:\\\/\\\/healthy-starts-here.ca\\\/fr\\\/#breadcrumb\"},\"inLanguage\":\"fr-CA\",\"potentialAction\":[{\"@type\":\"ReadAction\",\"target\":[\"https:\\\/\\\/healthy-starts-here.ca\\\/fr\\\/\"]}]},{\"@type\":\"ImageObject\",\"inLanguage\":\"fr-CA\",\"@id\":\"https:\\\/\\\/healthy-starts-here.ca\\\/fr\\\/#primaryimage\",\"url\":\"https:\\\/\\\/healthy-starts-here.ca\\\/wp-content\\\/uploads\\\/2023\\\/05\\\/Private-Tour-Guide-Home.jpg\",\"contentUrl\":\"https:\\\/\\\/healthy-starts-here.ca\\\/wp-content\\\/uploads\\\/2023\\\/05\\\/Private-Tour-Guide-Home.jpg\",\"width\":400,\"height\":380},{\"@type\":\"BreadcrumbList\",\"@id\":\"https:\\\/\\\/healthy-starts-here.ca\\\/fr\\\/#breadcrumb\",\"itemListElement\":[{\"@type\":\"ListItem\",\"position\":1,\"name\":\"Home\",\"item\":\"https:\\\/\\\/healthy-starts-here.ca\\\/fr\\\/home\\\/\"},{\"@type\":\"ListItem\",\"position\":2,\"name\":\"Home\"}]},{\"@type\":\"WebSite\",\"@id\":\"https:\\\/\\\/healthy-starts-here.ca\\\/fr\\\/#website\",\"url\":\"https:\\\/\\\/healthy-starts-here.ca\\\/fr\\\/\",\"name\":\"healthy-starts-here.ca\",\"description\":\"\",\"publisher\":{\"@id\":\"https:\\\/\\\/healthy-starts-here.ca\\\/fr\\\/#organization\"},\"potentialAction\":[{\"@type\":\"SearchAction\",\"target\":{\"@type\":\"EntryPoint\",\"urlTemplate\":\"https:\\\/\\\/healthy-starts-here.ca\\\/fr\\\/?s={search_term_string}\"},\"query-input\":{\"@type\":\"PropertyValueSpecification\",\"valueRequired\":true,\"valueName\":\"search_term_string\"}}],\"inLanguage\":\"fr-CA\"},{\"@type\":\"Organization\",\"@id\":\"https:\\\/\\\/healthy-starts-here.ca\\\/fr\\\/#organization\",\"name\":\"healthy-starts-here.ca\",\"url\":\"https:\\\/\\\/healthy-starts-here.ca\\\/fr\\\/\",\"logo\":{\"@type\":\"ImageObject\",\"inLanguage\":\"fr-CA\",\"@id\":\"https:\\\/\\\/healthy-starts-here.ca\\\/fr\\\/#\\\/schema\\\/logo\\\/image\\\/\",\"url\":\"https:\\\/\\\/healthy-starts-here.ca\\\/wp-content\\\/uploads\\\/2023\\\/05\\\/healthy_starts_here_logo-EN.png\",\"contentUrl\":\"https:\\\/\\\/healthy-starts-here.ca\\\/wp-content\\\/uploads\\\/2023\\\/05\\\/healthy_starts_here_logo-EN.png\",\"width\":1517,\"height\":663,\"caption\":\"healthy-starts-here.ca\"},\"image\":{\"@id\":\"https:\\\/\\\/healthy-starts-here.ca\\\/fr\\\/#\\\/schema\\\/logo\\\/image\\\/\"}}]}<\/script>\n<!-- \/ Yoast SEO plugin. -->","yoast_head_json":{"title":"Home - healthy-starts-here.ca","robots":{"index":"index","follow":"follow","max-snippet":"max-snippet:-1","max-image-preview":"max-image-preview:large","max-video-preview":"max-video-preview:-1"},"canonical":"https:\/\/healthy-starts-here.ca\/fr\/","og_locale":"fr_CA","og_type":"article","og_title":"Home - healthy-starts-here.ca","og_description":"La sant\u00e9 commence ici Le saviez-vous ? Selon les derni\u00e8res donn\u00e9es canadiennes. 1 PERSONNE SUR 2 d\u00e9veloppera cancer au cours de leur vie La mission du nouveau programme \u00ab\u00a0La sant\u00e9 commence ici\u00a0\u00bb est de promouvoir la sant\u00e9 en encourageant les personnes touch\u00e9es ou non par le cancer colorectal \u00e0 adopter un mode de vie sain [&hellip;]","og_url":"https:\/\/healthy-starts-here.ca\/fr\/","og_site_name":"healthy-starts-here.ca","article_modified_time":"2024-04-15T16:35:39+00:00","og_image":[{"width":400,"height":380,"url":"https:\/\/healthy-starts-here.ca\/wp-content\/uploads\/2023\/05\/Private-Tour-Guide-Home.jpg","type":"image\/jpeg"}],"twitter_card":"summary_large_image","twitter_misc":{"Estimation du temps de lecture":"1 minute"},"schema":{"@context":"https:\/\/schema.org","@graph":[{"@type":"WebPage","@id":"https:\/\/healthy-starts-here.ca\/fr\/","url":"https:\/\/healthy-starts-here.ca\/fr\/","name":"Home - healthy-starts-here.ca","isPartOf":{"@id":"https:\/\/healthy-starts-here.ca\/fr\/#website"},"primaryImageOfPage":{"@id":"https:\/\/healthy-starts-here.ca\/fr\/#primaryimage"},"image":{"@id":"https:\/\/healthy-starts-here.ca\/fr\/#primaryimage"},"thumbnailUrl":"https:\/\/healthy-starts-here.ca\/wp-content\/uploads\/2023\/05\/Private-Tour-Guide-Home.jpg","datePublished":"2023-05-30T04:50:24+00:00","dateModified":"2024-04-15T16:35:39+00:00","breadcrumb":{"@id":"https:\/\/healthy-starts-here.ca\/fr\/#breadcrumb"},"inLanguage":"fr-CA","potentialAction":[{"@type":"ReadAction","target":["https:\/\/healthy-starts-here.ca\/fr\/"]}]},{"@type":"ImageObject","inLanguage":"fr-CA","@id":"https:\/\/healthy-starts-here.ca\/fr\/#primaryimage","url":"https:\/\/healthy-starts-here.ca\/wp-content\/uploads\/2023\/05\/Private-Tour-Guide-Home.jpg","contentUrl":"https:\/\/healthy-starts-here.ca\/wp-content\/uploads\/2023\/05\/Private-Tour-Guide-Home.jpg","width":400,"height":380},{"@type":"BreadcrumbList","@id":"https:\/\/healthy-starts-here.ca\/fr\/#breadcrumb","itemListElement":[{"@type":"ListItem","position":1,"name":"Home","item":"https:\/\/healthy-starts-here.ca\/fr\/home\/"},{"@type":"ListItem","position":2,"name":"Home"}]},{"@type":"WebSite","@id":"https:\/\/healthy-starts-here.ca\/fr\/#website","url":"https:\/\/healthy-starts-here.ca\/fr\/","name":"healthy-starts-here.ca","description":"","publisher":{"@id":"https:\/\/healthy-starts-here.ca\/fr\/#organization"},"potentialAction":[{"@type":"SearchAction","target":{"@type":"EntryPoint","urlTemplate":"https:\/\/healthy-starts-here.ca\/fr\/?s={search_term_string}"},"query-input":{"@type":"PropertyValueSpecification","valueRequired":true,"valueName":"search_term_string"}}],"inLanguage":"fr-CA"},{"@type":"Organization","@id":"https:\/\/healthy-starts-here.ca\/fr\/#organization","name":"healthy-starts-here.ca","url":"https:\/\/healthy-starts-here.ca\/fr\/","logo":{"@type":"ImageObject","inLanguage":"fr-CA","@id":"https:\/\/healthy-starts-here.ca\/fr\/#\/schema\/logo\/image\/","url":"https:\/\/healthy-starts-here.ca\/wp-content\/uploads\/2023\/05\/healthy_starts_here_logo-EN.png","contentUrl":"https:\/\/healthy-starts-here.ca\/wp-content\/uploads\/2023\/05\/healthy_starts_here_logo-EN.png","width":1517,"height":663,"caption":"healthy-starts-here.ca"},"image":{"@id":"https:\/\/healthy-starts-here.ca\/fr\/#\/schema\/logo\/image\/"}}]}},"_links":{"self":[{"href":"https:\/\/healthy-starts-here.ca\/fr\/wp-json\/wp\/v2\/pages\/1739","targetHints":{"allow":["GET"]}}],"collection":[{"href":"https:\/\/healthy-starts-here.ca\/fr\/wp-json\/wp\/v2\/pages"}],"about":[{"href":"https:\/\/healthy-starts-here.ca\/fr\/wp-json\/wp\/v2\/types\/page"}],"author":[{"embeddable":true,"href":"https:\/\/healthy-starts-here.ca\/fr\/wp-json\/wp\/v2\/users\/1"}],"replies":[{"embeddable":true,"href":"https:\/\/healthy-starts-here.ca\/fr\/wp-json\/wp\/v2\/comments?post=1739"}],"version-history":[{"count":3,"href":"https:\/\/healthy-starts-here.ca\/fr\/wp-json\/wp\/v2\/pages\/1739\/revisions"}],"predecessor-version":[{"id":1742,"href":"https:\/\/healthy-starts-here.ca\/fr\/wp-json\/wp\/v2\/pages\/1739\/revisions\/1742"}],"wp:featuredmedia":[{"embeddable":true,"href":"https:\/\/healthy-starts-here.ca\/fr\/wp-json\/wp\/v2\/media\/1562"}],"wp:attachment":[{"href":"https:\/\/healthy-starts-here.ca\/fr\/wp-json\/wp\/v2\/media?parent=1739"}],"curies":[{"name":"wp","href":"https:\/\/api.w.org\/{rel}","templated":true}]}}