{"id":1763,"date":"2024-02-14T08:06:50","date_gmt":"2024-02-14T08:06:50","guid":{"rendered":"https:\/\/healthy-starts-here.ca\/contact\/"},"modified":"2024-04-24T11:54:08","modified_gmt":"2024-04-24T11:54:08","slug":"contact","status":"publish","type":"page","link":"https:\/\/healthy-starts-here.ca\/fr\/contact\/","title":{"rendered":"Contact"},"content":{"rendered":"\t\t<div data-elementor-type=\"wp-page\" data-elementor-id=\"1763\" class=\"elementor elementor-1763 elementor-1033\" data-elementor-post-type=\"page\">\n\t\t\t\t\t\t<section class=\"elementor-section elementor-top-section elementor-element elementor-element-5c88ef8 elementor-section-boxed elementor-section-height-default elementor-section-height-default\" data-id=\"5c88ef8\" data-element_type=\"section\" data-e-type=\"section\" data-settings=\"{&quot;background_background&quot;:&quot;classic&quot;}\">\n\t\t\t\t\t\t<div class=\"elementor-container elementor-column-gap-default\">\n\t\t\t\t\t<div class=\"elementor-column elementor-col-100 elementor-top-column elementor-element elementor-element-019d7c9\" data-id=\"019d7c9\" data-element_type=\"column\" data-e-type=\"column\">\n\t\t\t<div class=\"elementor-widget-wrap elementor-element-populated\">\n\t\t\t\t\t\t<div class=\"elementor-element elementor-element-93f00d9 elementor-widget elementor-widget-heading\" data-id=\"93f00d9\" data-element_type=\"widget\" data-e-type=\"widget\" data-widget_type=\"heading.default\">\n\t\t\t\t<div class=\"elementor-widget-container\">\n\t\t\t\t\t<h1 class=\"elementor-heading-title elementor-size-default\">contactez- nous<\/h1>\t\t\t\t<\/div>\n\t\t\t\t<\/div>\n\t\t\t\t\t<\/div>\n\t\t<\/div>\n\t\t\t\t\t<\/div>\n\t\t<\/section>\n\t\t\t\t<section class=\"elementor-section elementor-top-section elementor-element elementor-element-be2c6ac elementor-section-boxed elementor-section-height-default elementor-section-height-default\" data-id=\"be2c6ac\" data-element_type=\"section\" data-e-type=\"section\">\n\t\t\t\t\t\t<div class=\"elementor-container elementor-column-gap-default\">\n\t\t\t\t\t<div class=\"elementor-column elementor-col-100 elementor-top-column elementor-element elementor-element-5db5c38\" data-id=\"5db5c38\" data-element_type=\"column\" data-e-type=\"column\">\n\t\t\t<div class=\"elementor-widget-wrap elementor-element-populated\">\n\t\t\t\t\t\t<div class=\"elementor-element elementor-element-fd28e32 elementor-widget elementor-widget-heading\" data-id=\"fd28e32\" data-element_type=\"widget\" data-e-type=\"widget\" data-widget_type=\"heading.default\">\n\t\t\t\t<div class=\"elementor-widget-container\">\n\t\t\t\t\t<h3 class=\"elementor-heading-title elementor-size-default\">Avez-vous des questions ou souhaitez-vous recevoir plus d'informations sur les possibilit\u00e9s de partenariat avec le programme La sant\u00e9 d\u00e9bute ici ?<\/h3>\t\t\t\t<\/div>\n\t\t\t\t<\/div>\n\t\t\t\t<div class=\"elementor-element elementor-element-2468772 elementor-widget elementor-widget-text-editor\" data-id=\"2468772\" data-element_type=\"widget\" data-e-type=\"widget\" data-widget_type=\"text-editor.default\">\n\t\t\t\t<div class=\"elementor-widget-container\">\n\t\t\t\t\t\t\t\t\t<p>Avez-vous des questions ou souhaitez-vous recevoir plus d&rsquo;informations sur les possibilit\u00e9s de partenariat avec le programme Healthy Starts Here ?<\/p>\n<p><span class=\"m_-1936946788546749046normaltextrun\">Envoyez-nous un courriel \u00e0 l&rsquo;adresse suivante :<\/span> info@colorectalcancercanada.com <span class=\"m_-1936946788546749046normaltextrun\">ou appelez-nous : 514-875-7745, poste 2537<\/span><span class=\"m_-1936946788546749046eop\"> <\/span><\/p>\n<p><span class=\"m_-1936946788546749046normaltextrun\">1 Carr\u00e9 Westmount bureau 1630, Westmount, QC H3Z 2P9<\/span><\/p>\n\t\t\t\t\t\t\t\t<\/div>\n\t\t\t\t<\/div>\n\t\t\t\t<div class=\"elementor-element elementor-element-9b6bc1c elementor-widget elementor-widget-spacer\" data-id=\"9b6bc1c\" data-element_type=\"widget\" data-e-type=\"widget\" data-widget_type=\"spacer.default\">\n\t\t\t\t<div class=\"elementor-widget-container\">\n\t\t\t\t\t\t\t<div class=\"elementor-spacer\">\n\t\t\t<div class=\"elementor-spacer-inner\"><\/div>\n\t\t<\/div>\n\t\t\t\t\t\t<\/div>\n\t\t\t\t<\/div>\n\t\t\t\t\t<\/div>\n\t\t<\/div>\n\t\t\t\t\t<\/div>\n\t\t<\/section>\n\t\t\t\t<\/div>\n\t\t","protected":false},"excerpt":{"rendered":"<p>contactez- nous Avez-vous des questions ou souhaitez-vous recevoir plus d&rsquo;informations sur les possibilit\u00e9s de partenariat avec le programme La sant\u00e9 d\u00e9bute ici ? Avez-vous des questions ou souhaitez-vous recevoir plus d&rsquo;informations sur les possibilit\u00e9s de partenariat avec le programme Healthy Starts Here ? Envoyez-nous un courriel \u00e0 l&rsquo;adresse suivante : info@colorectalcancercanada.com ou appelez-nous : 514-875-7745, [&hellip;]<\/p>\n","protected":false},"author":1,"featured_media":0,"parent":0,"menu_order":0,"comment_status":"closed","ping_status":"closed","template":"","meta":{"footnotes":""},"class_list":["post-1763","page","type-page","status-publish","hentry"],"yoast_head":"<!-- This site is optimized with the Yoast SEO plugin v27.5 - https:\/\/yoast.com\/product\/yoast-seo-wordpress\/ -->\n<title>Contact - healthy-starts-here.ca<\/title>\n<meta name=\"robots\" content=\"index, follow, max-snippet:-1, max-image-preview:large, max-video-preview:-1\" \/>\n<link rel=\"canonical\" href=\"https:\/\/healthy-starts-here.ca\/fr\/contact\/\" \/>\n<meta property=\"og:locale\" content=\"fr_CA\" \/>\n<meta property=\"og:type\" content=\"article\" \/>\n<meta property=\"og:title\" content=\"Contact - healthy-starts-here.ca\" \/>\n<meta property=\"og:description\" content=\"contactez- nous Avez-vous des questions ou souhaitez-vous recevoir plus d&rsquo;informations sur les possibilit\u00e9s de partenariat avec le programme La sant\u00e9 d\u00e9bute ici ? Avez-vous des questions ou souhaitez-vous recevoir plus d&rsquo;informations sur les possibilit\u00e9s de partenariat avec le programme Healthy Starts Here ? Envoyez-nous un courriel \u00e0 l&rsquo;adresse suivante : info@colorectalcancercanada.com ou appelez-nous : 514-875-7745, [&hellip;]\" \/>\n<meta property=\"og:url\" content=\"https:\/\/healthy-starts-here.ca\/fr\/contact\/\" \/>\n<meta property=\"og:site_name\" content=\"healthy-starts-here.ca\" \/>\n<meta property=\"article:modified_time\" content=\"2024-04-24T11:54:08+00:00\" \/>\n<meta name=\"twitter:card\" content=\"summary_large_image\" \/>\n<script type=\"application\/ld+json\" class=\"yoast-schema-graph\">{\"@context\":\"https:\\\/\\\/schema.org\",\"@graph\":[{\"@type\":\"WebPage\",\"@id\":\"https:\\\/\\\/healthy-starts-here.ca\\\/fr\\\/contact\\\/\",\"url\":\"https:\\\/\\\/healthy-starts-here.ca\\\/fr\\\/contact\\\/\",\"name\":\"Contact - healthy-starts-here.ca\",\"isPartOf\":{\"@id\":\"https:\\\/\\\/healthy-starts-here.ca\\\/fr\\\/#website\"},\"datePublished\":\"2024-02-14T08:06:50+00:00\",\"dateModified\":\"2024-04-24T11:54:08+00:00\",\"breadcrumb\":{\"@id\":\"https:\\\/\\\/healthy-starts-here.ca\\\/fr\\\/contact\\\/#breadcrumb\"},\"inLanguage\":\"fr-CA\",\"potentialAction\":[{\"@type\":\"ReadAction\",\"target\":[\"https:\\\/\\\/healthy-starts-here.ca\\\/fr\\\/contact\\\/\"]}]},{\"@type\":\"BreadcrumbList\",\"@id\":\"https:\\\/\\\/healthy-starts-here.ca\\\/fr\\\/contact\\\/#breadcrumb\",\"itemListElement\":[{\"@type\":\"ListItem\",\"position\":1,\"name\":\"Home\",\"item\":\"https:\\\/\\\/healthy-starts-here.ca\\\/fr\\\/home\\\/\"},{\"@type\":\"ListItem\",\"position\":2,\"name\":\"Contact\"}]},{\"@type\":\"WebSite\",\"@id\":\"https:\\\/\\\/healthy-starts-here.ca\\\/fr\\\/#website\",\"url\":\"https:\\\/\\\/healthy-starts-here.ca\\\/fr\\\/\",\"name\":\"healthy-starts-here.ca\",\"description\":\"\",\"publisher\":{\"@id\":\"https:\\\/\\\/healthy-starts-here.ca\\\/fr\\\/#organization\"},\"potentialAction\":[{\"@type\":\"SearchAction\",\"target\":{\"@type\":\"EntryPoint\",\"urlTemplate\":\"https:\\\/\\\/healthy-starts-here.ca\\\/fr\\\/?s={search_term_string}\"},\"query-input\":{\"@type\":\"PropertyValueSpecification\",\"valueRequired\":true,\"valueName\":\"search_term_string\"}}],\"inLanguage\":\"fr-CA\"},{\"@type\":\"Organization\",\"@id\":\"https:\\\/\\\/healthy-starts-here.ca\\\/fr\\\/#organization\",\"name\":\"healthy-starts-here.ca\",\"url\":\"https:\\\/\\\/healthy-starts-here.ca\\\/fr\\\/\",\"logo\":{\"@type\":\"ImageObject\",\"inLanguage\":\"fr-CA\",\"@id\":\"https:\\\/\\\/healthy-starts-here.ca\\\/fr\\\/#\\\/schema\\\/logo\\\/image\\\/\",\"url\":\"https:\\\/\\\/healthy-starts-here.ca\\\/wp-content\\\/uploads\\\/2023\\\/05\\\/healthy_starts_here_logo-EN.png\",\"contentUrl\":\"https:\\\/\\\/healthy-starts-here.ca\\\/wp-content\\\/uploads\\\/2023\\\/05\\\/healthy_starts_here_logo-EN.png\",\"width\":1517,\"height\":663,\"caption\":\"healthy-starts-here.ca\"},\"image\":{\"@id\":\"https:\\\/\\\/healthy-starts-here.ca\\\/fr\\\/#\\\/schema\\\/logo\\\/image\\\/\"}}]}<\/script>\n<!-- \/ Yoast SEO plugin. -->","yoast_head_json":{"title":"Contact - healthy-starts-here.ca","robots":{"index":"index","follow":"follow","max-snippet":"max-snippet:-1","max-image-preview":"max-image-preview:large","max-video-preview":"max-video-preview:-1"},"canonical":"https:\/\/healthy-starts-here.ca\/fr\/contact\/","og_locale":"fr_CA","og_type":"article","og_title":"Contact - healthy-starts-here.ca","og_description":"contactez- nous Avez-vous des questions ou souhaitez-vous recevoir plus d&rsquo;informations sur les possibilit\u00e9s de partenariat avec le programme La sant\u00e9 d\u00e9bute ici ? Avez-vous des questions ou souhaitez-vous recevoir plus d&rsquo;informations sur les possibilit\u00e9s de partenariat avec le programme Healthy Starts Here ? Envoyez-nous un courriel \u00e0 l&rsquo;adresse suivante : info@colorectalcancercanada.com ou appelez-nous : 514-875-7745, [&hellip;]","og_url":"https:\/\/healthy-starts-here.ca\/fr\/contact\/","og_site_name":"healthy-starts-here.ca","article_modified_time":"2024-04-24T11:54:08+00:00","twitter_card":"summary_large_image","schema":{"@context":"https:\/\/schema.org","@graph":[{"@type":"WebPage","@id":"https:\/\/healthy-starts-here.ca\/fr\/contact\/","url":"https:\/\/healthy-starts-here.ca\/fr\/contact\/","name":"Contact - healthy-starts-here.ca","isPartOf":{"@id":"https:\/\/healthy-starts-here.ca\/fr\/#website"},"datePublished":"2024-02-14T08:06:50+00:00","dateModified":"2024-04-24T11:54:08+00:00","breadcrumb":{"@id":"https:\/\/healthy-starts-here.ca\/fr\/contact\/#breadcrumb"},"inLanguage":"fr-CA","potentialAction":[{"@type":"ReadAction","target":["https:\/\/healthy-starts-here.ca\/fr\/contact\/"]}]},{"@type":"BreadcrumbList","@id":"https:\/\/healthy-starts-here.ca\/fr\/contact\/#breadcrumb","itemListElement":[{"@type":"ListItem","position":1,"name":"Home","item":"https:\/\/healthy-starts-here.ca\/fr\/home\/"},{"@type":"ListItem","position":2,"name":"Contact"}]},{"@type":"WebSite","@id":"https:\/\/healthy-starts-here.ca\/fr\/#website","url":"https:\/\/healthy-starts-here.ca\/fr\/","name":"healthy-starts-here.ca","description":"","publisher":{"@id":"https:\/\/healthy-starts-here.ca\/fr\/#organization"},"potentialAction":[{"@type":"SearchAction","target":{"@type":"EntryPoint","urlTemplate":"https:\/\/healthy-starts-here.ca\/fr\/?s={search_term_string}"},"query-input":{"@type":"PropertyValueSpecification","valueRequired":true,"valueName":"search_term_string"}}],"inLanguage":"fr-CA"},{"@type":"Organization","@id":"https:\/\/healthy-starts-here.ca\/fr\/#organization","name":"healthy-starts-here.ca","url":"https:\/\/healthy-starts-here.ca\/fr\/","logo":{"@type":"ImageObject","inLanguage":"fr-CA","@id":"https:\/\/healthy-starts-here.ca\/fr\/#\/schema\/logo\/image\/","url":"https:\/\/healthy-starts-here.ca\/wp-content\/uploads\/2023\/05\/healthy_starts_here_logo-EN.png","contentUrl":"https:\/\/healthy-starts-here.ca\/wp-content\/uploads\/2023\/05\/healthy_starts_here_logo-EN.png","width":1517,"height":663,"caption":"healthy-starts-here.ca"},"image":{"@id":"https:\/\/healthy-starts-here.ca\/fr\/#\/schema\/logo\/image\/"}}]}},"_links":{"self":[{"href":"https:\/\/healthy-starts-here.ca\/fr\/wp-json\/wp\/v2\/pages\/1763","targetHints":{"allow":["GET"]}}],"collection":[{"href":"https:\/\/healthy-starts-here.ca\/fr\/wp-json\/wp\/v2\/pages"}],"about":[{"href":"https:\/\/healthy-starts-here.ca\/fr\/wp-json\/wp\/v2\/types\/page"}],"author":[{"embeddable":true,"href":"https:\/\/healthy-starts-here.ca\/fr\/wp-json\/wp\/v2\/users\/1"}],"replies":[{"embeddable":true,"href":"https:\/\/healthy-starts-here.ca\/fr\/wp-json\/wp\/v2\/comments?post=1763"}],"version-history":[{"count":1,"href":"https:\/\/healthy-starts-here.ca\/fr\/wp-json\/wp\/v2\/pages\/1763\/revisions"}],"predecessor-version":[{"id":1765,"href":"https:\/\/healthy-starts-here.ca\/fr\/wp-json\/wp\/v2\/pages\/1763\/revisions\/1765"}],"wp:attachment":[{"href":"https:\/\/healthy-starts-here.ca\/fr\/wp-json\/wp\/v2\/media?parent=1763"}],"curies":[{"name":"wp","href":"https:\/\/api.w.org\/{rel}","templated":true}]}}